{"id":5943,"date":"2022-01-26T12:49:13","date_gmt":"2022-01-26T12:49:13","guid":{"rendered":"https:\/\/nszi.hr\/?page_id=5943"},"modified":"2025-09-29T16:43:54","modified_gmt":"2025-09-29T14:43:54","slug":"propozicije","status":"publish","type":"page","link":"https:\/\/nszi.hr\/?page_id=5943","title":{"rendered":"PROPOZICIJE"},"content":{"rendered":"<h1 style=\"text-align: center;\">ELITNA \u017dNL<\/h1>\n<p style=\"text-align: center;\"><div class=\"_df_book df-lite\" id=\"df_10677\"  _slug=\"10677\" data-title=\"elitna-znl\" wpoptions=\"true\" thumbtype=\"\" ><\/div><script class=\"df-shortcode-script\" nowprocket type=\"application\/javascript\">window.option_df_10677 = {\"outline\":[],\"autoEnableOutline\":\"false\",\"autoEnableThumbnail\":\"false\",\"overwritePDFOutline\":\"false\",\"direction\":\"1\",\"pageSize\":\"0\",\"source\":\"https:\\\/\\\/nszi.hr\\\/wp-content\\\/uploads\\\/2024\\\/01\\\/Propozicije-Elitne-lige-NSZI-seniori-2025-2026.pdf\",\"wpOptions\":\"true\"}; if(window.DFLIP && window.DFLIP.parseBooks){window.DFLIP.parseBooks();}<\/script><\/p>\n<h1 style=\"text-align: center;\">PRVA \u017dNL<\/h1>\n<p style=\"text-align: center;\"><div class=\"_df_book df-lite\" id=\"df_10681\"  _slug=\"druga-znl\" data-title=\"prva-znl\" wpoptions=\"true\" thumbtype=\"\" ><\/div><script class=\"df-shortcode-script\" nowprocket type=\"application\/javascript\">window.option_df_10681 = {\"outline\":[],\"autoEnableOutline\":\"false\",\"autoEnableThumbnail\":\"false\",\"overwritePDFOutline\":\"false\",\"direction\":\"1\",\"pageSize\":\"0\",\"source\":\"https:\\\/\\\/nszi.hr\\\/wp-content\\\/uploads\\\/2024\\\/01\\\/Propozicije-1.ZNL-seniori-2025-2026.pdf\",\"wpOptions\":\"true\"}; if(window.DFLIP && window.DFLIP.parseBooks){window.DFLIP.parseBooks();}<\/script><\/p>\n<h1 style=\"text-align: center;\">DRUGA \u017dNL<\/h1>\n<p style=\"text-align: center;\"><div class=\"_df_book df-lite\" id=\"df_10683\"  _slug=\"treca-znl\" data-title=\"druga-znl\" wpoptions=\"true\" thumbtype=\"\" ><\/div><script class=\"df-shortcode-script\" nowprocket type=\"application\/javascript\">window.option_df_10683 = {\"outline\":[],\"autoEnableOutline\":\"false\",\"autoEnableThumbnail\":\"false\",\"overwritePDFOutline\":\"false\",\"direction\":\"1\",\"pageSize\":\"0\",\"source\":\"https:\\\/\\\/nszi.hr\\\/wp-content\\\/uploads\\\/2024\\\/01\\\/Propozicije-2.ZNL-seniori-2025-2026.pdf\",\"wpOptions\":\"true\"}; if(window.DFLIP && window.DFLIP.parseBooks){window.DFLIP.parseBooks();}<\/script><\/p>\n<h1 style=\"text-align: center;\">KUP SENIORI<\/h1>\n<p style=\"text-align: center;\"><div class=\"_df_book df-lite\" id=\"df_10685\"  _slug=\"kup-seniori\" data-title=\"kup-seniori\" wpoptions=\"true\" thumbtype=\"\" ><\/div><script class=\"df-shortcode-script\" nowprocket type=\"application\/javascript\">window.option_df_10685 = {\"outline\":[],\"autoEnableOutline\":\"false\",\"autoEnableThumbnail\":\"false\",\"overwritePDFOutline\":\"false\",\"direction\":\"1\",\"pageSize\":\"0\",\"source\":\"https:\\\/\\\/nszi.hr\\\/wp-content\\\/uploads\\\/2024\\\/01\\\/Propozicije-natjecanja-kupa-seniori-2025-2026.pdf\",\"wpOptions\":\"true\"}; if(window.DFLIP && window.DFLIP.parseBooks){window.DFLIP.parseBooks();}<\/script><\/p>\n<h1 style=\"text-align: center;\">KUP MLADE\u017dI<\/h1>\n<p style=\"text-align: center;\"><div class=\"_df_book df-lite\" id=\"df_10687\"  _slug=\"kup-mladezi\" data-title=\"kup-mladezi\" wpoptions=\"true\" thumbtype=\"\" ><\/div><script class=\"df-shortcode-script\" nowprocket type=\"application\/javascript\">window.option_df_10687 = {\"outline\":[],\"autoEnableOutline\":\"false\",\"autoEnableThumbnail\":\"false\",\"overwritePDFOutline\":\"false\",\"direction\":\"1\",\"pageSize\":\"0\",\"source\":\"https:\\\/\\\/nszi.hr\\\/wp-content\\\/uploads\\\/2023\\\/08\\\/Propozicije-natjecanja-kupa-mladezi-2023.pdf\",\"wpOptions\":\"true\"}; if(window.DFLIP && window.DFLIP.parseBooks){window.DFLIP.parseBooks();}<\/script><\/p>\n<h1 style=\"text-align: center;\">\u017dNLI LIGE MLADE\u017dI<\/h1>\n<p style=\"text-align: center;\"><div class=\"_df_book df-lite\" id=\"df_10689\"  _slug=\"znli-lige-mladezi\" data-title=\"znli-lige-mladezi\" wpoptions=\"true\" thumbtype=\"\" ><\/div><script class=\"df-shortcode-script\" nowprocket type=\"application\/javascript\">window.option_df_10689 = {\"outline\":[],\"autoEnableOutline\":\"false\",\"autoEnableThumbnail\":\"false\",\"overwritePDFOutline\":\"false\",\"direction\":\"1\",\"pageSize\":\"0\",\"source\":\"https:\\\/\\\/nszi.hr\\\/wp-content\\\/uploads\\\/2024\\\/01\\\/Propozicije-natjecanja-mladih-pionira-pionira-i-juniora-2025-2026.pdf\",\"wpOptions\":\"true\"}; if(window.DFLIP && window.DFLIP.parseBooks){window.DFLIP.parseBooks();}<\/script><\/p>\n<h1 style=\"text-align: center;\">\u017dNLI LIGE PO\u010cETNICI<\/h1>\n<p style=\"text-align: center;\"><div class=\"_df_book df-lite\" id=\"df_10692\"  _slug=\"znli-lige-pocetnici\" data-title=\"znli-lige-pocetnici\" wpoptions=\"true\" thumbtype=\"\" ><\/div><script class=\"df-shortcode-script\" nowprocket type=\"application\/javascript\">window.option_df_10692 = {\"outline\":[],\"autoEnableOutline\":\"false\",\"autoEnableThumbnail\":\"false\",\"overwritePDFOutline\":\"false\",\"direction\":\"1\",\"pageSize\":\"0\",\"source\":\"https:\\\/\\\/nszi.hr\\\/wp-content\\\/uploads\\\/2024\\\/01\\\/Propozicije-natjecanja-U-9-i-u-11-2025-2026.pdf\",\"wpOptions\":\"true\"}; if(window.DFLIP && window.DFLIP.parseBooks){window.DFLIP.parseBooks();}<\/script><\/p>\n<h1 style=\"text-align: center;\">LIGE VETERANA<\/h1>\n<p style=\"text-align: center;\"><div class=\"_df_book df-lite\" id=\"df_10694\"  _slug=\"lige-veterana\" data-title=\"lige-veterana\" wpoptions=\"true\" thumbtype=\"\" ><\/div><script class=\"df-shortcode-script\" nowprocket type=\"application\/javascript\">window.option_df_10694 = {\"outline\":[],\"autoEnableOutline\":\"false\",\"autoEnableThumbnail\":\"false\",\"overwritePDFOutline\":\"false\",\"direction\":\"1\",\"pageSize\":\"0\",\"source\":\"https:\\\/\\\/nszi.hr\\\/wp-content\\\/uploads\\\/2024\\\/01\\\/Propozicije-veterana-25-26.pdf\",\"wpOptions\":\"true\"}; if(window.DFLIP && window.DFLIP.parseBooks){window.DFLIP.parseBooks();}<\/script><\/p>\n","protected":false},"excerpt":{"rendered":"<p>ELITNA \u017dNL PRVA \u017dNL DRUGA \u017dNL KUP SENIORI KUP MLADE\u017dI \u017dNLI LIGE MLADE\u017dI \u017dNLI LIGE PO\u010cETNICI LIGE VETERANA<\/p>\n","protected":false},"author":1,"featured_media":0,"parent":0,"menu_order":0,"comment_status":"closed","ping_status":"closed","template":"","meta":{"inline_featured_image":false,"footnotes":""},"class_list":["post-5943","page","type-page","status-publish","hentry"],"aioseo_notices":[],"_links":{"self":[{"href":"https:\/\/nszi.hr\/index.php?rest_route=\/wp\/v2\/pages\/5943","targetHints":{"allow":["GET"]}}],"collection":[{"href":"https:\/\/nszi.hr\/index.php?rest_route=\/wp\/v2\/pages"}],"about":[{"href":"https:\/\/nszi.hr\/index.php?rest_route=\/wp\/v2\/types\/page"}],"author":[{"embeddable":true,"href":"https:\/\/nszi.hr\/index.php?rest_route=\/wp\/v2\/users\/1"}],"replies":[{"embeddable":true,"href":"https:\/\/nszi.hr\/index.php?rest_route=%2Fwp%2Fv2%2Fcomments&post=5943"}],"version-history":[{"count":10,"href":"https:\/\/nszi.hr\/index.php?rest_route=\/wp\/v2\/pages\/5943\/revisions"}],"predecessor-version":[{"id":12638,"href":"https:\/\/nszi.hr\/index.php?rest_route=\/wp\/v2\/pages\/5943\/revisions\/12638"}],"wp:attachment":[{"href":"https:\/\/nszi.hr\/index.php?rest_route=%2Fwp%2Fv2%2Fmedia&parent=5943"}],"curies":[{"name":"wp","href":"https:\/\/api.w.org\/{rel}","templated":true}]}}