{"id":5977,"date":"2022-01-27T19:40:56","date_gmt":"2022-01-27T19:40:56","guid":{"rendered":"https:\/\/nszi.hr\/?page_id=5977"},"modified":"2026-04-01T14:01:43","modified_gmt":"2026-04-01T12:01:43","slug":"obrasci","status":"publish","type":"page","link":"https:\/\/nszi.hr\/?page_id=5977","title":{"rendered":"OBRASCI"},"content":{"rendered":"<h1 style=\"text-align: center;\">Izvje\u0161\u0107e kontrole su\u0111enja<\/h1>\n<p style=\"text-align: center;\"><div class=\"_df_book df-lite\" id=\"df_10710\"  _slug=\"izvjesce-kontrole-sudenja\" data-title=\"izvjesce-kontrole-sudenja\" wpoptions=\"true\" thumbtype=\"\" ><\/div><script class=\"df-shortcode-script\" nowprocket type=\"application\/javascript\">window.option_df_10710 = {\"outline\":[],\"autoEnableOutline\":\"false\",\"autoEnableThumbnail\":\"false\",\"overwritePDFOutline\":\"false\",\"direction\":\"1\",\"pageSize\":\"0\",\"source\":\"https:\\\/\\\/nszi.hr\\\/wp-content\\\/uploads\\\/2022\\\/01\\\/IZVJESCE-KONTROLA-SUDENJA.pdf\",\"wpOptions\":\"true\"}; if(window.DFLIP && window.DFLIP.parseBooks){window.DFLIP.parseBooks();}<\/script><\/p>\n<h1 style=\"text-align: center;\">Zahtjev za odobrenje malonogometnog turnira<\/h1>\n<p style=\"text-align: center;\"><div class=\"_df_book df-lite\" id=\"df_10717\"  _slug=\"zahtjev-za-odobrenje-malonogometnog-turnira\" data-title=\"zahtjev-za-odobrenje-malonogometnog-turnira\" wpoptions=\"true\" thumbtype=\"\" ><\/div><script class=\"df-shortcode-script\" nowprocket type=\"application\/javascript\">window.option_df_10717 = {\"outline\":[],\"autoEnableOutline\":\"false\",\"autoEnableThumbnail\":\"false\",\"overwritePDFOutline\":\"false\",\"direction\":\"1\",\"pageSize\":\"0\",\"source\":\"https:\\\/\\\/nszi.hr\\\/wp-content\\\/uploads\\\/2022\\\/01\\\/Zahtjev_za_odobrenje_malonogometnog_natjecanja_NOVO.pdf\",\"wpOptions\":\"true\"}; if(window.DFLIP && window.DFLIP.parseBooks){window.DFLIP.parseBooks();}<\/script><\/p>\n<h1 style=\"text-align: center;\">Odluka o \u010dlanarinama i cjeniku usluga za 2025. godine<\/h1>\n<p style=\"text-align: center;\"><div class=\"_df_book df-lite\" id=\"df_10723\"  _slug=\"odluka-o-clanarinama-i-cjeniku-usluga-za-2024-g\" data-title=\"odluka-o-clanarinama-i-cjeniku-usluga-za-2026-godine\" wpoptions=\"true\" thumbtype=\"\" ><\/div><script class=\"df-shortcode-script\" nowprocket type=\"application\/javascript\">window.option_df_10723 = {\"outline\":[],\"autoEnableOutline\":\"false\",\"autoEnableThumbnail\":\"false\",\"overwritePDFOutline\":\"false\",\"direction\":\"1\",\"pageSize\":\"0\",\"source\":\"https:\\\/\\\/nszi.hr\\\/wp-content\\\/uploads\\\/2024\\\/01\\\/Odluka-o-clanarinama-i-cjeniku-usluga-za-2026.-godinu.pdf\",\"wpOptions\":\"true\"}; if(window.DFLIP && window.DFLIP.parseBooks){window.DFLIP.parseBooks();}<\/script><\/p>\n<h1 style=\"text-align: center;\">Zapisnik o sastanku pred utakmicu<\/h1>\n<p style=\"text-align: center;\"><div class=\"_df_book df-lite\" id=\"df_10725\"  _slug=\"zapisnik-o-sastanku-pred-utakmicu\" data-title=\"zapisnik-o-sastanku-pred-utakmicu\" wpoptions=\"true\" thumbtype=\"\" ><\/div><script class=\"df-shortcode-script\" nowprocket type=\"application\/javascript\">window.option_df_10725 = {\"outline\":[],\"autoEnableOutline\":\"false\",\"autoEnableThumbnail\":\"false\",\"overwritePDFOutline\":\"false\",\"direction\":\"1\",\"pageSize\":\"0\",\"source\":\"https:\\\/\\\/nszi.hr\\\/wp-content\\\/uploads\\\/2024\\\/01\\\/ZAPISNIK-O-SASTANKU-PRED-UTAKMICU-NSZI.pdf\",\"wpOptions\":\"true\"}; if(window.DFLIP && window.DFLIP.parseBooks){window.DFLIP.parseBooks();}<\/script><\/p>\n<h1 style=\"text-align: center;\">Odluka o visini naknade sucima i delegatima za natjecateljsku godinu 2025\/2026<\/h1>\n<p style=\"text-align: center;\"><div class=\"_df_book df-lite\" id=\"df_10727\"  _slug=\"odluka-o-visini-naknade-sucima-i-delegatima-za-natjecateljsku-godinu-2023-2024-g\" data-title=\"odluka-o-visini-naknade-sucima-i-delegatima-za-natjecateljsku-godinu-2025-2026\" wpoptions=\"true\" thumbtype=\"\" ><\/div><script class=\"df-shortcode-script\" nowprocket type=\"application\/javascript\">window.option_df_10727 = {\"outline\":[],\"autoEnableOutline\":\"false\",\"autoEnableThumbnail\":\"false\",\"overwritePDFOutline\":\"false\",\"direction\":\"1\",\"pageSize\":\"0\",\"source\":\"https:\\\/\\\/nszi.hr\\\/wp-content\\\/uploads\\\/2024\\\/01\\\/Odluka-o-o-visini-naknade-sucima-i-delegatima-za-natjecateljsku-godinu-2025-2026.pdf\",\"wpOptions\":\"true\"}; if(window.DFLIP && window.DFLIP.parseBooks){window.DFLIP.parseBooks();}<\/script><\/p>\n<h1 style=\"text-align: center;\">Suda\u010dki nalog sezona 2025\/2026<\/h1>\n<p style=\"text-align: center;\"><div class=\"_df_book df-lite\" id=\"df_12727\"  _slug=\"sudacki-nalog-25-26\" data-title=\"sudacki-nalog-25-26\" wpoptions=\"true\" thumbtype=\"\" ><\/div><script class=\"df-shortcode-script\" nowprocket type=\"application\/javascript\">window.option_df_12727 = {\"outline\":[],\"autoEnableOutline\":\"false\",\"autoEnableThumbnail\":\"false\",\"overwritePDFOutline\":\"false\",\"direction\":\"1\",\"pageSize\":\"0\",\"source\":\"https:\\\/\\\/nszi.hr\\\/wp-content\\\/uploads\\\/2025\\\/08\\\/0598_250812115052_001.pdf\",\"wpOptions\":\"true\"}; if(window.DFLIP && window.DFLIP.parseBooks){window.DFLIP.parseBooks();}<\/script><\/p>\n<h1 style=\"text-align: center;\">Delegatski nalog sezona 2025\/2026<\/h1>\n<p style=\"text-align: center;\"><div class=\"_df_book df-lite\" id=\"df_12731\"  _slug=\"delegatski-nalog-25-26\" data-title=\"delegatski-nalog-25-26\" wpoptions=\"true\" thumbtype=\"\" ><\/div><script class=\"df-shortcode-script\" nowprocket type=\"application\/javascript\">window.option_df_12731 = {\"outline\":[],\"autoEnableOutline\":\"false\",\"autoEnableThumbnail\":\"false\",\"overwritePDFOutline\":\"false\",\"direction\":\"1\",\"pageSize\":\"0\",\"source\":\"https:\\\/\\\/nszi.hr\\\/wp-content\\\/uploads\\\/2025\\\/08\\\/0599_250812115113_001.pdf\",\"wpOptions\":\"true\"}; if(window.DFLIP && window.DFLIP.parseBooks){window.DFLIP.parseBooks();}<\/script><\/p>\n<h1 style=\"text-align: center;\">\u00a0<span class=\"fontstyle0\">Odluka o naknadama sudaca malog nogometa (futsala)<\/span><\/h1>\n<p style=\"text-align: center;\"><div class=\"_df_book df-lite\" id=\"df_13530\"  _slug=\"odluka-o-naknadama-sudaca-malog-nogometa-futsal\" data-title=\"odluka-o-naknadama-sudaca-malog-nogometa-futsal\" wpoptions=\"true\" thumbtype=\"\" ><\/div><script class=\"df-shortcode-script\" nowprocket type=\"application\/javascript\">window.option_df_13530 = {\"outline\":[],\"autoEnableOutline\":\"false\",\"autoEnableThumbnail\":\"false\",\"overwritePDFOutline\":\"false\",\"direction\":\"1\",\"pageSize\":\"0\",\"source\":\"https:\\\/\\\/nszi.hr\\\/wp-content\\\/uploads\\\/2026\\\/04\\\/Odluka-o-naknadama-sudaca-malog-nogometa-futsal.pdf\",\"wpOptions\":\"true\"}; if(window.DFLIP && window.DFLIP.parseBooks){window.DFLIP.parseBooks();}<\/script><\/p>\n","protected":false},"excerpt":{"rendered":"<p>Izvje\u0161\u0107e kontrole su\u0111enja Zahtjev za odobrenje malonogometnog turnira Odluka o \u010dlanarinama i cjeniku usluga za 2025. godine Zapisnik o sastanku pred utakmicu Odluka o visini naknade sucima i delegatima za natjecateljsku godinu 2025\/2026 Suda\u010dki nalog sezona 2025\/2026 Delegatski nalog sezona 2025\/2026 \u00a0Odluka o naknadama sudaca malog nogometa (futsala)<\/p>\n","protected":false},"author":1,"featured_media":0,"parent":0,"menu_order":0,"comment_status":"closed","ping_status":"closed","template":"","meta":{"inline_featured_image":false,"footnotes":""},"class_list":["post-5977","page","type-page","status-publish","hentry"],"aioseo_notices":[],"_links":{"self":[{"href":"https:\/\/nszi.hr\/index.php?rest_route=\/wp\/v2\/pages\/5977","targetHints":{"allow":["GET"]}}],"collection":[{"href":"https:\/\/nszi.hr\/index.php?rest_route=\/wp\/v2\/pages"}],"about":[{"href":"https:\/\/nszi.hr\/index.php?rest_route=\/wp\/v2\/types\/page"}],"author":[{"embeddable":true,"href":"https:\/\/nszi.hr\/index.php?rest_route=\/wp\/v2\/users\/1"}],"replies":[{"embeddable":true,"href":"https:\/\/nszi.hr\/index.php?rest_route=%2Fwp%2Fv2%2Fcomments&post=5977"}],"version-history":[{"count":15,"href":"https:\/\/nszi.hr\/index.php?rest_route=\/wp\/v2\/pages\/5977\/revisions"}],"predecessor-version":[{"id":13533,"href":"https:\/\/nszi.hr\/index.php?rest_route=\/wp\/v2\/pages\/5977\/revisions\/13533"}],"wp:attachment":[{"href":"https:\/\/nszi.hr\/index.php?rest_route=%2Fwp%2Fv2%2Fmedia&parent=5977"}],"curies":[{"name":"wp","href":"https:\/\/api.w.org\/{rel}","templated":true}]}}